{"id":6039,"date":"2026-02-26T14:42:10","date_gmt":"2026-02-26T14:42:10","guid":{"rendered":"https:\/\/novaskinclinic.be\/?page_id=6039"},"modified":"2026-02-28T16:41:08","modified_gmt":"2026-02-28T16:41:08","slug":"the-novaskin-vision","status":"publish","type":"page","link":"https:\/\/novaskinclinic.be\/en\/the-novaskin-vision\/","title":{"rendered":"The Novaskin vision"},"content":{"rendered":"<p>[et_pb_section fb_built=&#8221;1&#8243; custom_padding_last_edited=&#8221;on|phone&#8221; _builder_version=&#8221;4.21.0&#8243; _module_preset=&#8221;default&#8221; background_image=&#8221;https:\/\/novaskinclinic.be\/wp-content\/uploads\/\/hero-fond-gradient.svg&#8221; height_last_edited=&#8221;off|desktop&#8221; custom_padding=&#8221;||0px||false|false&#8221; custom_padding_tablet=&#8221;10vh||||false|false&#8221; custom_padding_phone=&#8221;7vh||||false|false&#8221; bottom_divider_height=&#8221;14vw&#8221; bottom_divider_flip=&#8221;vertical&#8221; background_last_edited=&#8221;on|tablet&#8221; background_size_tablet=&#8221;contain&#8221; background_position_tablet=&#8221;top_right&#8221; background_horizontal_offset_tablet=&#8221;0%&#8221; background_vertical_offset_tablet=&#8221;0%&#8221; custom_css_main_element=&#8221;overflow-x: clip;&#8221; border_color_all=&#8221;RGBA(255,255,255,0)&#8221; locked=&#8221;off&#8221; global_colors_info=&#8221;{}&#8221;][et_pb_row column_structure=&#8221;1_2,1_2&#8243; custom_padding_last_edited=&#8221;on|phone&#8221; module_class=&#8221;boutons-en-ligne&#8221; _builder_version=&#8221;4.21.0&#8243; _module_preset=&#8221;_initial&#8221; width_tablet=&#8221;&#8221; width_phone=&#8221;90%&#8221; width_last_edited=&#8221;on|phone&#8221; max_width=&#8221;1480px&#8221; custom_padding_tablet=&#8221;||0px||false|false&#8221; custom_padding_phone=&#8221;||0px||false|false&#8221; global_colors_info=&#8221;{}&#8221;][et_pb_column type=&#8221;1_2&#8243; _builder_version=&#8221;4.21.0&#8243; _module_preset=&#8221;default&#8221; global_colors_info=&#8221;{}&#8221;][et_pb_text _builder_version=&#8221;4.27.5&#8243; _module_preset=&#8221;8942e866-6a5b-4363-bce4-bbf702239759&#8243; custom_margin=&#8221;50px||||false|false&#8221; custom_margin_tablet=&#8221;0vh||||false|false&#8221; custom_margin_phone=&#8221;&#8221; custom_margin_last_edited=&#8221;on|tablet&#8221; global_colors_info=&#8221;{}&#8221;]<\/p>\n<h1><b>Our vision<\/b><\/h1>\n<p>[\/et_pb_text][et_pb_text _builder_version=&#8221;4.27.5&#8243; _module_preset=&#8221;e4a8383d-dab0-4a5d-8079-718aadbfcfc4&#8243; custom_margin_phone=&#8221;||8vh||false|false&#8221; global_colors_info=&#8221;{}&#8221;]<\/p>\n<p>Nous ne suivons pas les tendances.<br \/>Nous construisons des protocoles.<\/p>\n<p>Novaskin est une maison m\u00e9dico-esth\u00e9tique o\u00f9 la technologie rencontre l\u2019exigence, et o\u00f9 chaque transformation repose sur une strat\u00e9gie pr\u00e9cise, personnalis\u00e9e et durable.<\/p>\n<p>[\/et_pb_text][et_pb_button button_url=&#8221;https:\/\/salonkee.be\/salon\/novaskin-clinic\/widget\/service?lang=fr&#8221; button_text=&#8221;Make an appointment&#8221; _builder_version=&#8221;4.27.4&#8243; _module_preset=&#8221;b113ec32-5708-4e00-bfcf-627678d88b22&#8243; global_colors_info=&#8221;{}&#8221;][\/et_pb_button][et_pb_button button_url=&#8221;https:\/\/novaskinclinic.be\/en\/rates\/&#8221; button_text=&#8221;Rates&#8221; button_alignment_tablet=&#8221;center&#8221; _builder_version=&#8221;4.21.0&#8243; _module_preset=&#8221;b8420703-21ef-4d44-88f8-a6a467ddb90c&#8221; global_colors_info=&#8221;{}&#8221;][\/et_pb_button][\/et_pb_column][et_pb_column type=&#8221;1_2&#8243; _builder_version=&#8221;4.21.0&#8243; _module_preset=&#8221;default&#8221; global_colors_info=&#8221;{}&#8221;][et_pb_image src=&#8221;https:\/\/novaskinclinic.be\/wp-content\/uploads\/2026\/02\/ChatGPT-Image-22-fevr.-2026-a-11_53_29.png&#8221; title_text=&#8221;Julien_Gold&#8221; align=&#8221;right&#8221; align_tablet=&#8221;center&#8221; align_phone=&#8221;center&#8221; align_last_edited=&#8221;on|tablet&#8221; disabled_on=&#8221;off|off|off&#8221; _builder_version=&#8221;4.27.5&#8243; _module_preset=&#8221;default&#8221; positioning=&#8221;relative&#8221; vertical_offset=&#8221;-20px&#8221; z_index=&#8221;10&#8243; width_tablet=&#8221;100%&#8221; width_phone=&#8221;100%&#8221; width_last_edited=&#8221;on|phone&#8221; height=&#8221;75vh&#8221; height_tablet=&#8221;&#8221; height_phone=&#8221;&#8221; height_last_edited=&#8221;on|tablet&#8221; custom_margin_tablet=&#8221;30px||||false|false&#8221; custom_margin_phone=&#8221;20px||||false|false&#8221; custom_margin_last_edited=&#8221;on|phone&#8221; hover_enabled=&#8221;0&#8243; border_radii=&#8221;off|30px|170px|30px|170px&#8221; border_radii_tablet=&#8221;on|30px|30px|30px|30px&#8221; border_radii_phone=&#8221;on|30px|30px|30px|30px&#8221; border_radii_last_edited=&#8221;on|phone&#8221; global_colors_info=&#8221;{}&#8221; src_last_edited=&#8221;on|desktop&#8221; sticky_enabled=&#8221;0&#8243; src_tablet=&#8221;https:\/\/novaskinclinic.be\/wp-content\/uploads\/2026\/02\/ChatGPT-Image-22-fevr.-2026-a-11_53_29.png&#8221; src_phone=&#8221;https:\/\/novaskinclinic.be\/wp-content\/uploads\/2026\/02\/ChatGPT-Image-22-fevr.-2026-a-11_53_29.png&#8221;][\/et_pb_image][et_pb_image src=&#8221;https:\/\/novaskinclinic.be\/wp-content\/uploads\/\/visuel-forme-ovale.svg&#8221; title_text=&#8221;visual-form-oval&#8221; disabled_on=&#8221;on|on|off&#8221; _builder_version=&#8221;4.21.0&#8243; _module_preset=&#8221;default&#8221; positioning=&#8221;absolute&#8221; position_origin_a=&#8221;bottom_right&#8221; position_origin_r=&#8221;bottom_right&#8221; vertical_offset=&#8221;-12vw&#8221; horizontal_offset=&#8221;-24vw&#8221; z_index=&#8221;5&#8243; width=&#8221;100%&#8221; global_colors_info=&#8221;{}&#8221;][\/et_pb_image][\/et_pb_column][\/et_pb_row][\/et_pb_section][et_pb_section fb_built=&#8221;1&#8243; _builder_version=&#8221;4.24.3&#8243; _module_preset=&#8221;232da002-64f6-44be-b2dd-2e4d644c6a7a&#8221; locked=&#8221;off&#8221; global_colors_info=&#8221;{}&#8221;][et_pb_row custom_padding_last_edited=&#8221;on|tablet&#8221; _builder_version=&#8221;4.24.3&#8243; _module_preset=&#8221;0c569138-6956-4aed-a5d6-95dd3514f432&#8243; custom_padding_tablet=&#8221;&#8221; custom_padding_phone=&#8221;&#8221; global_colors_info=&#8221;{}&#8221;][et_pb_column type=&#8221;4_4&#8243; _builder_version=&#8221;4.21.0&#8243; _module_preset=&#8221;default&#8221; global_colors_info=&#8221;{}&#8221;][et_pb_text _builder_version=&#8221;4.27.5&#8243; _module_preset=&#8221;06cac179-5a83-4b9b-9c1a-e751201d660a&#8221; custom_margin=&#8221;||0px||false|false&#8221; global_colors_info=&#8221;{}&#8221;]<\/p>\n<h2>The science of beauty. The art of results. <\/h2>\n<p>[\/et_pb_text][et_pb_divider _builder_version=&#8221;4.24.3&#8243; _module_preset=&#8221;2dd9bfaa-c800-45c8-a7e7-863c530a8d33&#8243; global_colors_info=&#8221;{}&#8221;][\/et_pb_divider][\/et_pb_column][\/et_pb_row][et_pb_row _builder_version=&#8221;4.27.5&#8243; _module_preset=&#8221;default&#8221; global_colors_info=&#8221;{}&#8221;][et_pb_column type=&#8221;4_4&#8243; _builder_version=&#8221;4.27.5&#8243; _module_preset=&#8221;default&#8221; global_colors_info=&#8221;{}&#8221;][et_pb_text _builder_version=&#8221;4.27.5&#8243; _module_preset=&#8221;_initial&#8221; text_font=&#8221;Montserrat Regular||||||||&#8221; text_text_color=&#8221;#2D3B73&#8243; text_font_size=&#8221;20px&#8221; global_colors_info=&#8221;{}&#8221;]<\/p>\n<p><span style=\"font-weight: 400;\">Novaskin Clinic was born of a strong conviction:<\/span><span style=\"font-weight: 400;\"><br \/><\/span><span style=\"font-weight: 400;\">beauty is not a matter of chance or superficiality.<\/span><span style=\"font-weight: 400;\"><br \/><\/span><span style=\"font-weight: 400;\">It&#8217;s based on a scientific understanding of the skin, the precision of technology and the attention to detail.<\/span><\/p>\n<p><span style=\"font-weight: 400;\">We consider each treatment as a protocol.<\/span><span style=\"font-weight: 400;\"><br \/><\/span><span style=\"font-weight: 400;\">Each protocol as a strategy.<\/span><span style=\"font-weight: 400;\"><br \/><\/span><span style=\"font-weight: 400;\">And each strategy as a masterpiece.<\/span><\/p>\n<p>[\/et_pb_text][\/et_pb_column][\/et_pb_row][\/et_pb_section][et_pb_section fb_built=&#8221;1&#8243; _builder_version=&#8221;4.24.3&#8243; _module_preset=&#8221;232da002-64f6-44be-b2dd-2e4d644c6a7a&#8221; locked=&#8221;off&#8221; global_colors_info=&#8221;{}&#8221;][et_pb_row custom_padding_last_edited=&#8221;on|tablet&#8221; _builder_version=&#8221;4.24.3&#8243; _module_preset=&#8221;0c569138-6956-4aed-a5d6-95dd3514f432&#8243; custom_padding_tablet=&#8221;&#8221; custom_padding_phone=&#8221;&#8221; global_colors_info=&#8221;{}&#8221;][et_pb_column type=&#8221;4_4&#8243; _builder_version=&#8221;4.21.0&#8243; _module_preset=&#8221;default&#8221; global_colors_info=&#8221;{}&#8221;][et_pb_text _builder_version=&#8221;4.27.5&#8243; _module_preset=&#8221;06cac179-5a83-4b9b-9c1a-e751201d660a&#8221; custom_margin=&#8221;||0px||false|false&#8221; global_colors_info=&#8221;{}&#8221;]<\/p>\n<h2>Research, innovation, high standards.<\/h2>\n<p>[\/et_pb_text][et_pb_divider _builder_version=&#8221;4.24.3&#8243; _module_preset=&#8221;2dd9bfaa-c800-45c8-a7e7-863c530a8d33&#8243; global_colors_info=&#8221;{}&#8221;][\/et_pb_divider][\/et_pb_column][\/et_pb_row][et_pb_row _builder_version=&#8221;4.27.5&#8243; _module_preset=&#8221;default&#8221; global_colors_info=&#8221;{}&#8221;][et_pb_column type=&#8221;4_4&#8243; _builder_version=&#8221;4.27.5&#8243; _module_preset=&#8221;default&#8221; global_colors_info=&#8221;{}&#8221;][et_pb_text _builder_version=&#8221;4.27.5&#8243; _module_preset=&#8221;_initial&#8221; text_font=&#8221;Montserrat Regular||||||||&#8221; text_text_color=&#8221;#2D3B73&#8243; text_font_size=&#8221;20px&#8221; global_colors_info=&#8221;{}&#8221;]<\/p>\n<p><span style=\"font-weight: 400;\">Novaskin doesn&#8217;t just use existing technologies.<\/span><span style=\"font-weight: 400;\"><br \/><\/span><span style=\"font-weight: 400;\">We are constantly exploring, analyzing and developing innovative therapeutic combinations.<\/span><\/p>\n<p><span style=\"font-weight: 400;\">Our work is based on applied research:<\/span><span style=\"font-weight: 400;\"><br \/><\/span><span style=\"font-weight: 400;\">intelligently combining technologies, optimizing biological synergies, integrating new-generation active ingredients, including exosomes, to improve skin regeneration and overall skin quality.<\/span><\/p>\n<p><span style=\"font-weight: 400;\">This approach is based on a rigorous selection of devices, protocols and scientific partners with whom we collaborate under license.<\/span><\/p>\n<p><span style=\"font-weight: 400;\">Our aim is not to follow trends.<\/span><span style=\"font-weight: 400;\"><br \/><\/span><span style=\"font-weight: 400;\">It&#8217;s about anticipating what will be tomorrow&#8217;s benchmark.<\/span><\/p>\n<p>[\/et_pb_text][\/et_pb_column][\/et_pb_row][\/et_pb_section][et_pb_section fb_built=&#8221;1&#8243; _builder_version=&#8221;4.24.3&#8243; _module_preset=&#8221;232da002-64f6-44be-b2dd-2e4d644c6a7a&#8221; locked=&#8221;off&#8221; global_colors_info=&#8221;{}&#8221;][et_pb_row custom_padding_last_edited=&#8221;on|tablet&#8221; _builder_version=&#8221;4.24.3&#8243; _module_preset=&#8221;0c569138-6956-4aed-a5d6-95dd3514f432&#8243; custom_padding_tablet=&#8221;&#8221; custom_padding_phone=&#8221;&#8221; global_colors_info=&#8221;{}&#8221;][et_pb_column type=&#8221;4_4&#8243; _builder_version=&#8221;4.21.0&#8243; _module_preset=&#8221;default&#8221; global_colors_info=&#8221;{}&#8221;][et_pb_text _builder_version=&#8221;4.27.5&#8243; _module_preset=&#8221;06cac179-5a83-4b9b-9c1a-e751201d660a&#8221; custom_margin=&#8221;||0px||false|false&#8221; global_colors_info=&#8221;{}&#8221;]<\/p>\n<h2>A team of excellence<\/h2>\n<p>[\/et_pb_text][et_pb_divider _builder_version=&#8221;4.24.3&#8243; _module_preset=&#8221;2dd9bfaa-c800-45c8-a7e7-863c530a8d33&#8243; global_colors_info=&#8221;{}&#8221;][\/et_pb_divider][\/et_pb_column][\/et_pb_row][et_pb_row _builder_version=&#8221;4.27.5&#8243; _module_preset=&#8221;default&#8221; global_colors_info=&#8221;{}&#8221;][et_pb_column type=&#8221;4_4&#8243; _builder_version=&#8221;4.27.5&#8243; _module_preset=&#8221;default&#8221; global_colors_info=&#8221;{}&#8221;][et_pb_text _builder_version=&#8221;4.27.5&#8243; _module_preset=&#8221;_initial&#8221; text_font=&#8221;Montserrat Regular||||||||&#8221; text_text_color=&#8221;#2D3B73&#8243; text_font_size=&#8221;20px&#8221; global_colors_info=&#8221;{}&#8221;]<\/p>\n<p><span style=\"font-weight: 400;\">Novaskin Clinic relies on the best experts in the medical-aesthetic sector to advise you with precision, consistency and transparency.<\/span><\/p>\n<p><span style=\"font-weight: 400;\">We work in partnership with healthcare professionals, in particular gynecologists and dermatologists, to ensure that our protocols are part of a global, safe vision.<\/span><\/p>\n<p><span style=\"font-weight: 400;\">Because skin cannot be treated in isolation.<\/span><span style=\"font-weight: 400;\"><br \/><\/span><span style=\"font-weight: 400;\">It is part of a hormonal, nutritional and physiological balance.<\/span><\/p>\n<p>[\/et_pb_text][\/et_pb_column][\/et_pb_row][\/et_pb_section][et_pb_section fb_built=&#8221;1&#8243; _builder_version=&#8221;4.24.3&#8243; _module_preset=&#8221;232da002-64f6-44be-b2dd-2e4d644c6a7a&#8221; locked=&#8221;off&#8221; global_colors_info=&#8221;{}&#8221;][et_pb_row custom_padding_last_edited=&#8221;on|tablet&#8221; _builder_version=&#8221;4.24.3&#8243; _module_preset=&#8221;0c569138-6956-4aed-a5d6-95dd3514f432&#8243; custom_padding_tablet=&#8221;&#8221; custom_padding_phone=&#8221;&#8221; global_colors_info=&#8221;{}&#8221;][et_pb_column type=&#8221;4_4&#8243; _builder_version=&#8221;4.21.0&#8243; _module_preset=&#8221;default&#8221; global_colors_info=&#8221;{}&#8221;][et_pb_text _builder_version=&#8221;4.27.5&#8243; _module_preset=&#8221;06cac179-5a83-4b9b-9c1a-e751201d660a&#8221; custom_margin=&#8221;||0px||false|false&#8221; global_colors_info=&#8221;{}&#8221;]<\/p>\n<h2>More than a clinic. A home. <\/h2>\n<p>[\/et_pb_text][et_pb_divider _builder_version=&#8221;4.24.3&#8243; _module_preset=&#8221;2dd9bfaa-c800-45c8-a7e7-863c530a8d33&#8243; global_colors_info=&#8221;{}&#8221;][\/et_pb_divider][\/et_pb_column][\/et_pb_row][et_pb_row _builder_version=&#8221;4.27.5&#8243; _module_preset=&#8221;default&#8221; global_colors_info=&#8221;{}&#8221;][et_pb_column type=&#8221;4_4&#8243; _builder_version=&#8221;4.27.5&#8243; _module_preset=&#8221;default&#8221; global_colors_info=&#8221;{}&#8221;][et_pb_text _builder_version=&#8221;4.27.5&#8243; _module_preset=&#8221;_initial&#8221; text_font=&#8221;Montserrat Regular||||||||&#8221; text_text_color=&#8221;#2D3B73&#8243; text_font_size=&#8221;20px&#8221; custom_padding=&#8221;||0px|||&#8221; global_colors_info=&#8221;{}&#8221;]<\/p>\n<p><span style=\"font-weight: 400;\">Novaskin is designed like a home.<\/span><span style=\"font-weight: 400;\"><br \/><\/span><span style=\"font-weight: 400;\">A confidential, demanding space, where each person is treated as an individual.<\/span><\/p>\n<p><span style=\"font-weight: 400;\">We cultivate lasting relationships with our patients.<\/span><span style=\"font-weight: 400;\"><br \/><\/span><span style=\"font-weight: 400;\">The spirit of a private, family club, where support goes beyond simple beauty care.<\/span><\/p>\n<p><span style=\"font-weight: 400;\">We advise on lifestyle, sport, nutrition and hormonal balance.<\/span><span style=\"font-weight: 400;\"><br \/><\/span><span style=\"font-weight: 400;\">We build coherent, personalized and progressive career paths.<\/span><\/p>\n<p><span style=\"font-weight: 400;\">Here, you&#8217;re not a number.<\/span><span style=\"font-weight: 400;\"><br \/><\/span><span style=\"font-weight: 400;\">You&#8217;ll enjoy a tailor-made experience, in a professional, warm and demanding environment.<\/span><\/p>\n<p>[\/et_pb_text][\/et_pb_column][\/et_pb_row][\/et_pb_section][et_pb_section fb_built=&#8221;1&#8243; _builder_version=&#8221;4.24.3&#8243; _module_preset=&#8221;232da002-64f6-44be-b2dd-2e4d644c6a7a&#8221; locked=&#8221;off&#8221; global_colors_info=&#8221;{}&#8221;][et_pb_row custom_padding_last_edited=&#8221;on|tablet&#8221; _builder_version=&#8221;4.24.3&#8243; _module_preset=&#8221;0c569138-6956-4aed-a5d6-95dd3514f432&#8243; custom_padding_tablet=&#8221;&#8221; custom_padding_phone=&#8221;&#8221; global_colors_info=&#8221;{}&#8221;][et_pb_column type=&#8221;4_4&#8243; _builder_version=&#8221;4.21.0&#8243; _module_preset=&#8221;default&#8221; global_colors_info=&#8221;{}&#8221;][et_pb_text _builder_version=&#8221;4.27.5&#8243; _module_preset=&#8221;06cac179-5a83-4b9b-9c1a-e751201d660a&#8221; custom_margin=&#8221;||0px||false|false&#8221; global_colors_info=&#8221;{}&#8221;]<\/p>\n<h2>Our commitment.<\/h2>\n<p>[\/et_pb_text][et_pb_divider _builder_version=&#8221;4.24.3&#8243; _module_preset=&#8221;2dd9bfaa-c800-45c8-a7e7-863c530a8d33&#8243; global_colors_info=&#8221;{}&#8221;][\/et_pb_divider][\/et_pb_column][\/et_pb_row][et_pb_row _builder_version=&#8221;4.27.5&#8243; _module_preset=&#8221;default&#8221; global_colors_info=&#8221;{}&#8221;][et_pb_column type=&#8221;4_4&#8243; _builder_version=&#8221;4.27.5&#8243; _module_preset=&#8221;default&#8221; global_colors_info=&#8221;{}&#8221;][et_pb_text _builder_version=&#8221;4.27.5&#8243; _module_preset=&#8221;_initial&#8221; text_font=&#8221;Montserrat Regular||||||||&#8221; text_text_color=&#8221;#2D3B73&#8243; text_font_size=&#8221;20px&#8221; global_colors_info=&#8221;{}&#8221;]<\/p>\n<p><span style=\"font-weight: 400;\">Combining science and aesthetics.<\/span><span style=\"font-weight: 400;\"><br \/><\/span><span style=\"font-weight: 400;\">Mastering technology without losing the human touch.<\/span><span style=\"font-weight: 400;\"><br \/><\/span><span style=\"font-weight: 400;\">Create visible, natural and lasting results.<\/span><\/p>\n<p><span style=\"font-weight: 400;\">Novaskin Clinic.<\/span><span style=\"font-weight: 400;\"><br \/><\/span><span style=\"font-weight: 400;\">Beauty guided by precision.<\/span><\/p>\n<p>[\/et_pb_text][\/et_pb_column][\/et_pb_row][\/et_pb_section]<\/p>\n","protected":false},"excerpt":{"rendered":"<p>Our visionNous ne suivons pas les tendances.Nous construisons des protocoles. Novaskin est une maison m\u00e9dico-esth\u00e9tique o\u00f9 la technologie rencontre l\u2019exigence, et o\u00f9 chaque transformation repose sur une strat\u00e9gie pr\u00e9cise, personnalis\u00e9e et durable.The science of beauty. The art of results. Novaskin Clinic was born of a strong conviction:beauty is not a matter of chance or superficiality.It&#8217;s [&hellip;]<\/p>\n","protected":false},"author":1,"featured_media":0,"parent":0,"menu_order":0,"comment_status":"closed","ping_status":"closed","template":"","meta":{"_et_pb_use_builder":"on","_et_pb_old_content":"","_et_gb_content_width":"","footnotes":""},"class_list":["post-6039","page","type-page","status-publish","hentry"],"yoast_head":"<!-- This site is optimized with the Yoast SEO plugin v27.2 - https:\/\/yoast.com\/product\/yoast-seo-wordpress\/ -->\n<title>The Novaskin vision | Novaskin Clinic<\/title>\n<meta name=\"robots\" content=\"index, follow, max-snippet:-1, max-image-preview:large, max-video-preview:-1\" \/>\n<link rel=\"canonical\" href=\"https:\/\/novaskinclinic.be\/en\/the-novaskin-vision\/\" \/>\n<meta property=\"og:locale\" content=\"en_US\" \/>\n<meta property=\"og:type\" content=\"article\" \/>\n<meta property=\"og:title\" content=\"The Novaskin vision | Novaskin Clinic\" \/>\n<meta property=\"og:description\" content=\"Our visionNous ne suivons pas les tendances.Nous construisons des protocoles. Novaskin est une maison m\u00e9dico-esth\u00e9tique o\u00f9 la technologie rencontre l\u2019exigence, et o\u00f9 chaque transformation repose sur une strat\u00e9gie pr\u00e9cise, personnalis\u00e9e et durable.The science of beauty. The art of results. Novaskin Clinic was born of a strong conviction:beauty is not a matter of chance or superficiality.It&#039;s [&hellip;]\" \/>\n<meta property=\"og:url\" content=\"https:\/\/novaskinclinic.be\/en\/the-novaskin-vision\/\" \/>\n<meta property=\"og:site_name\" content=\"Novaskin Clinic\" \/>\n<meta property=\"article:modified_time\" content=\"2026-02-28T16:41:08+00:00\" \/>\n<meta name=\"twitter:card\" content=\"summary_large_image\" \/>\n<meta name=\"twitter:label1\" content=\"Est. reading time\" \/>\n\t<meta name=\"twitter:data1\" content=\"9 minutes\" \/>\n<script type=\"application\/ld+json\" class=\"yoast-schema-graph\">{\"@context\":\"https:\/\/schema.org\",\"@graph\":[{\"@type\":\"WebPage\",\"@id\":\"https:\/\/novaskinclinic.be\/en\/the-novaskin-vision\/\",\"url\":\"https:\/\/novaskinclinic.be\/en\/the-novaskin-vision\/\",\"name\":\"The Novaskin vision | Novaskin Clinic\",\"isPartOf\":{\"@id\":\"https:\/\/novaskinclinic.be\/en\/#website\"},\"datePublished\":\"2026-02-26T14:42:10+00:00\",\"dateModified\":\"2026-02-28T16:41:08+00:00\",\"breadcrumb\":{\"@id\":\"https:\/\/novaskinclinic.be\/en\/the-novaskin-vision\/#breadcrumb\"},\"inLanguage\":\"en-US\",\"potentialAction\":[{\"@type\":\"ReadAction\",\"target\":[\"https:\/\/novaskinclinic.be\/en\/the-novaskin-vision\/\"]}]},{\"@type\":\"BreadcrumbList\",\"@id\":\"https:\/\/novaskinclinic.be\/en\/the-novaskin-vision\/#breadcrumb\",\"itemListElement\":[{\"@type\":\"ListItem\",\"position\":1,\"name\":\"Home\",\"item\":\"https:\/\/novaskinclinic.be\/en\/home\/\"},{\"@type\":\"ListItem\",\"position\":2,\"name\":\"The Novaskin vision\"}]},{\"@type\":\"WebSite\",\"@id\":\"https:\/\/novaskinclinic.be\/en\/#website\",\"url\":\"https:\/\/novaskinclinic.be\/en\/\",\"name\":\"Novaskin Clinic\",\"description\":\"Sp\u00e9cialiste en \u00e9pilation laser au coeur du quartier Europ\u00e9en de Bruxelles.\",\"publisher\":{\"@id\":\"https:\/\/novaskinclinic.be\/en\/#organization\"},\"potentialAction\":[{\"@type\":\"SearchAction\",\"target\":{\"@type\":\"EntryPoint\",\"urlTemplate\":\"https:\/\/novaskinclinic.be\/en\/?s={search_term_string}\"},\"query-input\":{\"@type\":\"PropertyValueSpecification\",\"valueRequired\":true,\"valueName\":\"search_term_string\"}}],\"inLanguage\":\"en-US\"},{\"@type\":\"Organization\",\"@id\":\"https:\/\/novaskinclinic.be\/en\/#organization\",\"name\":\"Novaskin\",\"url\":\"https:\/\/novaskinclinic.be\/en\/\",\"logo\":{\"@type\":\"ImageObject\",\"inLanguage\":\"en-US\",\"@id\":\"https:\/\/novaskinclinic.be\/en\/#\/schema\/logo\/image\/\",\"url\":\"https:\/\/novaskinclinic.be\/wp-content\/uploads\/2023\/08\/Logo-NOVASKIN-CLINIC.png\",\"contentUrl\":\"https:\/\/novaskinclinic.be\/wp-content\/uploads\/2023\/08\/Logo-NOVASKIN-CLINIC.png\",\"width\":2214,\"height\":1375,\"caption\":\"Novaskin\"},\"image\":{\"@id\":\"https:\/\/novaskinclinic.be\/en\/#\/schema\/logo\/image\/\"}}]}<\/script>\n<!-- \/ Yoast SEO plugin. -->","yoast_head_json":{"title":"The Novaskin vision | Novaskin Clinic","robots":{"index":"index","follow":"follow","max-snippet":"max-snippet:-1","max-image-preview":"max-image-preview:large","max-video-preview":"max-video-preview:-1"},"canonical":"https:\/\/novaskinclinic.be\/en\/the-novaskin-vision\/","og_locale":"en_US","og_type":"article","og_title":"The Novaskin vision | Novaskin Clinic","og_description":"Our visionNous ne suivons pas les tendances.Nous construisons des protocoles. Novaskin est une maison m\u00e9dico-esth\u00e9tique o\u00f9 la technologie rencontre l\u2019exigence, et o\u00f9 chaque transformation repose sur une strat\u00e9gie pr\u00e9cise, personnalis\u00e9e et durable.The science of beauty. The art of results. Novaskin Clinic was born of a strong conviction:beauty is not a matter of chance or superficiality.It's [&hellip;]","og_url":"https:\/\/novaskinclinic.be\/en\/the-novaskin-vision\/","og_site_name":"Novaskin Clinic","article_modified_time":"2026-02-28T16:41:08+00:00","twitter_card":"summary_large_image","twitter_misc":{"Est. reading time":"9 minutes"},"schema":{"@context":"https:\/\/schema.org","@graph":[{"@type":"WebPage","@id":"https:\/\/novaskinclinic.be\/en\/the-novaskin-vision\/","url":"https:\/\/novaskinclinic.be\/en\/the-novaskin-vision\/","name":"The Novaskin vision | Novaskin Clinic","isPartOf":{"@id":"https:\/\/novaskinclinic.be\/en\/#website"},"datePublished":"2026-02-26T14:42:10+00:00","dateModified":"2026-02-28T16:41:08+00:00","breadcrumb":{"@id":"https:\/\/novaskinclinic.be\/en\/the-novaskin-vision\/#breadcrumb"},"inLanguage":"en-US","potentialAction":[{"@type":"ReadAction","target":["https:\/\/novaskinclinic.be\/en\/the-novaskin-vision\/"]}]},{"@type":"BreadcrumbList","@id":"https:\/\/novaskinclinic.be\/en\/the-novaskin-vision\/#breadcrumb","itemListElement":[{"@type":"ListItem","position":1,"name":"Home","item":"https:\/\/novaskinclinic.be\/en\/home\/"},{"@type":"ListItem","position":2,"name":"The Novaskin vision"}]},{"@type":"WebSite","@id":"https:\/\/novaskinclinic.be\/en\/#website","url":"https:\/\/novaskinclinic.be\/en\/","name":"Novaskin Clinic","description":"Sp\u00e9cialiste en \u00e9pilation laser au coeur du quartier Europ\u00e9en de Bruxelles.","publisher":{"@id":"https:\/\/novaskinclinic.be\/en\/#organization"},"potentialAction":[{"@type":"SearchAction","target":{"@type":"EntryPoint","urlTemplate":"https:\/\/novaskinclinic.be\/en\/?s={search_term_string}"},"query-input":{"@type":"PropertyValueSpecification","valueRequired":true,"valueName":"search_term_string"}}],"inLanguage":"en-US"},{"@type":"Organization","@id":"https:\/\/novaskinclinic.be\/en\/#organization","name":"Novaskin","url":"https:\/\/novaskinclinic.be\/en\/","logo":{"@type":"ImageObject","inLanguage":"en-US","@id":"https:\/\/novaskinclinic.be\/en\/#\/schema\/logo\/image\/","url":"https:\/\/novaskinclinic.be\/wp-content\/uploads\/2023\/08\/Logo-NOVASKIN-CLINIC.png","contentUrl":"https:\/\/novaskinclinic.be\/wp-content\/uploads\/2023\/08\/Logo-NOVASKIN-CLINIC.png","width":2214,"height":1375,"caption":"Novaskin"},"image":{"@id":"https:\/\/novaskinclinic.be\/en\/#\/schema\/logo\/image\/"}}]}},"_links":{"self":[{"href":"https:\/\/novaskinclinic.be\/en\/wp-json\/wp\/v2\/pages\/6039","targetHints":{"allow":["GET"]}}],"collection":[{"href":"https:\/\/novaskinclinic.be\/en\/wp-json\/wp\/v2\/pages"}],"about":[{"href":"https:\/\/novaskinclinic.be\/en\/wp-json\/wp\/v2\/types\/page"}],"author":[{"embeddable":true,"href":"https:\/\/novaskinclinic.be\/en\/wp-json\/wp\/v2\/users\/1"}],"replies":[{"embeddable":true,"href":"https:\/\/novaskinclinic.be\/en\/wp-json\/wp\/v2\/comments?post=6039"}],"version-history":[{"count":9,"href":"https:\/\/novaskinclinic.be\/en\/wp-json\/wp\/v2\/pages\/6039\/revisions"}],"predecessor-version":[{"id":6549,"href":"https:\/\/novaskinclinic.be\/en\/wp-json\/wp\/v2\/pages\/6039\/revisions\/6549"}],"wp:attachment":[{"href":"https:\/\/novaskinclinic.be\/en\/wp-json\/wp\/v2\/media?parent=6039"}],"curies":[{"name":"wp","href":"https:\/\/api.w.org\/{rel}","templated":true}]}}