{"id":6043,"date":"2026-02-26T14:42:10","date_gmt":"2026-02-26T14:42:10","guid":{"rendered":"https:\/\/novaskinclinic.be\/?page_id=6043"},"modified":"2026-02-28T16:41:08","modified_gmt":"2026-02-28T16:41:08","slug":"la-visione-novaskin","status":"publish","type":"page","link":"https:\/\/novaskinclinic.be\/it\/la-visione-novaskin\/","title":{"rendered":"La visione Novaskin"},"content":{"rendered":"<p>[et_pb_section fb_built=&#8221;1&#8243; custom_padding_last_edited=&#8221;on|phone&#8221; _builder_version=&#8221;4.21.0&#8243; _module_preset=&#8221;default&#8221; background_image=&#8221;https:\/\/novaskinclinic.be\/wp-content\/uploads\/\/hero-fond-gradient.svg&#8221; height_last_edited=&#8221;off|desktop&#8221; custom_padding=&#8221;||0px||false|false&#8221; custom_padding_tablet=&#8221;10vh||||false|false&#8221; custom_padding_phone=&#8221;7vh||||false|false&#8221; bottom_divider_height=&#8221;14vw&#8221; bottom_divider_flip=&#8221;vertical&#8221; background_last_edited=&#8221;on|tablet&#8221; background_size_tablet=&#8221;contain&#8221; background_position_tablet=&#8221;top_right&#8221; background_horizontal_offset_tablet=&#8221;0%&#8221; background_vertical_offset_tablet=&#8221;0%&#8221; custom_css_main_element=&#8221;overflow-x: clip;&#8221; border_color_all=&#8221;RGBA(255,255,255,0)&#8221; locked=&#8221;off&#8221; global_colors_info=&#8221;{}&#8221;][et_pb_row column_structure=&#8221;1_2,1_2&#8243; custom_padding_last_edited=&#8221;on|phone&#8221; module_class=&#8221;boutons-en-ligne&#8221; _builder_version=&#8221;4.21.0&#8243; _module_preset=&#8221;_initial&#8221; width_tablet=&#8221;&#8221; width_phone=&#8221;90%&#8221; width_last_edited=&#8221;on|phone&#8221; max_width=&#8221;1480px&#8221; custom_padding_tablet=&#8221;||0px||false|false&#8221; custom_padding_phone=&#8221;||0px||false|false&#8221; global_colors_info=&#8221;{}&#8221;][et_pb_column type=&#8221;1_2&#8243; _builder_version=&#8221;4.21.0&#8243; _module_preset=&#8221;default&#8221; global_colors_info=&#8221;{}&#8221;][et_pb_text _builder_version=&#8221;4.27.5&#8243; _module_preset=&#8221;8942e866-6a5b-4363-bce4-bbf702239759&#8243; custom_margin=&#8221;50px||||false|false&#8221; custom_margin_tablet=&#8221;0vh||||false|false&#8221; custom_margin_phone=&#8221;&#8221; custom_margin_last_edited=&#8221;on|tablet&#8221; global_colors_info=&#8221;{}&#8221;]<\/p>\n<h1><b>La nostra visione<\/b><\/h1>\n<p>[\/et_pb_text][et_pb_text _builder_version=&#8221;4.27.5&#8243; _module_preset=&#8221;e4a8383d-dab0-4a5d-8079-718aadbfcfc4&#8243; custom_margin_phone=&#8221;||8vh||false|false&#8221; global_colors_info=&#8221;{}&#8221;]<\/p>\n<p>Nous ne suivons pas les tendances.<br \/>Nous construisons des protocoles.<\/p>\n<p>Novaskin est une maison m\u00e9dico-esth\u00e9tique o\u00f9 la technologie rencontre l\u2019exigence, et o\u00f9 chaque transformation repose sur une strat\u00e9gie pr\u00e9cise, personnalis\u00e9e et durable.<\/p>\n<p>[\/et_pb_text][et_pb_button button_url=&#8221;https:\/\/salonkee.be\/salon\/novaskin-clinic\/widget\/service?lang=fr&#8221; button_text=&#8221;Fissa un appuntamento&#8221; _builder_version=&#8221;4.27.4&#8243; _module_preset=&#8221;b113ec32-5708-4e00-bfcf-627678d88b22&#8243; global_colors_info=&#8221;{}&#8221;][\/et_pb_button][et_pb_button button_url=&#8221;https:\/\/novaskinclinic.be\/it\/tariffe\/&#8221; button_text=&#8221;Tariffe&#8221; button_alignment_tablet=&#8221;center&#8221; _builder_version=&#8221;4.21.0&#8243; _module_preset=&#8221;b8420703-21ef-4d44-88f8-a6a467ddb90c&#8221; global_colors_info=&#8221;{}&#8221;][\/et_pb_button][\/et_pb_column][et_pb_column type=&#8221;1_2&#8243; _builder_version=&#8221;4.21.0&#8243; _module_preset=&#8221;default&#8221; global_colors_info=&#8221;{}&#8221;][et_pb_image src=&#8221;https:\/\/novaskinclinic.be\/wp-content\/uploads\/2026\/02\/ChatGPT-Image-22-fevr.-2026-a-11_53_29.png&#8221; title_text=&#8221;Julien_Gold&#8221; align=&#8221;right&#8221; align_tablet=&#8221;center&#8221; align_phone=&#8221;center&#8221; align_last_edited=&#8221;on|tablet&#8221; disabled_on=&#8221;off|off|off&#8221; _builder_version=&#8221;4.27.5&#8243; _module_preset=&#8221;default&#8221; positioning=&#8221;relative&#8221; vertical_offset=&#8221;-20px&#8221; z_index=&#8221;10&#8243; width_tablet=&#8221;100%&#8221; width_phone=&#8221;100%&#8221; width_last_edited=&#8221;on|phone&#8221; height=&#8221;75vh&#8221; height_tablet=&#8221;&#8221; height_phone=&#8221;&#8221; height_last_edited=&#8221;on|tablet&#8221; custom_margin_tablet=&#8221;30px||||false|false&#8221; custom_margin_phone=&#8221;20px||||false|false&#8221; custom_margin_last_edited=&#8221;on|phone&#8221; hover_enabled=&#8221;0&#8243; border_radii=&#8221;off|30px|170px|30px|170px&#8221; border_radii_tablet=&#8221;on|30px|30px|30px|30px&#8221; border_radii_phone=&#8221;on|30px|30px|30px|30px&#8221; border_radii_last_edited=&#8221;on|phone&#8221; global_colors_info=&#8221;{}&#8221; src_last_edited=&#8221;on|desktop&#8221; sticky_enabled=&#8221;0&#8243; src_tablet=&#8221;https:\/\/novaskinclinic.be\/wp-content\/uploads\/2026\/02\/ChatGPT-Image-22-fevr.-2026-a-11_53_29.png&#8221; src_phone=&#8221;https:\/\/novaskinclinic.be\/wp-content\/uploads\/2026\/02\/ChatGPT-Image-22-fevr.-2026-a-11_53_29.png&#8221;][\/et_pb_image][et_pb_image src=&#8221;https:\/\/novaskinclinic.be\/wp-content\/uploads\/\/visuel-forme-ovale.svg&#8221; title_text=&#8221;forma-visuale-ovale&#8221; disabled_on=&#8221;on|on|off&#8221; _builder_version=&#8221;4.21.0&#8243; _module_preset=&#8221;default&#8221; positioning=&#8221;absolute&#8221; position_origin_a=&#8221;bottom_right&#8221; position_origin_r=&#8221;bottom_right&#8221; vertical_offset=&#8221;-12vw&#8221; horizontal_offset=&#8221;-24vw&#8221; z_index=&#8221;5&#8243; width=&#8221;100%&#8221; global_colors_info=&#8221;{}&#8221;][\/et_pb_image][\/et_pb_column][\/et_pb_row][\/et_pb_section][et_pb_section fb_built=&#8221;1&#8243; _builder_version=&#8221;4.24.3&#8243; _module_preset=&#8221;232da002-64f6-44be-b2dd-2e4d644c6a7a&#8221; locked=&#8221;off&#8221; global_colors_info=&#8221;{}&#8221;][et_pb_row custom_padding_last_edited=&#8221;on|tablet&#8221; _builder_version=&#8221;4.24.3&#8243; _module_preset=&#8221;0c569138-6956-4aed-a5d6-95dd3514f432&#8243; custom_padding_tablet=&#8221;&#8221; custom_padding_phone=&#8221;&#8221; global_colors_info=&#8221;{}&#8221;][et_pb_column type=&#8221;4_4&#8243; _builder_version=&#8221;4.21.0&#8243; _module_preset=&#8221;default&#8221; global_colors_info=&#8221;{}&#8221;][et_pb_text _builder_version=&#8221;4.27.5&#8243; _module_preset=&#8221;06cac179-5a83-4b9b-9c1a-e751201d660a&#8221; custom_margin=&#8221;||0px||false|false&#8221; global_colors_info=&#8221;{}&#8221;]<\/p>\n<h2>La scienza della bellezza. L&#8217;arte dei risultati. <\/h2>\n<p>[\/et_pb_text][et_pb_divider _builder_version=&#8221;4.24.3&#8243; _module_preset=&#8221;2dd9bfaa-c800-45c8-a7e7-863c530a8d33&#8243; global_colors_info=&#8221;{}&#8221;][\/et_pb_divider][\/et_pb_column][\/et_pb_row][et_pb_row _builder_version=&#8221;4.27.5&#8243; _module_preset=&#8221;default&#8221; global_colors_info=&#8221;{}&#8221;][et_pb_column type=&#8221;4_4&#8243; _builder_version=&#8221;4.27.5&#8243; _module_preset=&#8221;default&#8221; global_colors_info=&#8221;{}&#8221;][et_pb_text _builder_version=&#8221;4.27.5&#8243; _module_preset=&#8221;_initial&#8221; text_font=&#8221;Montserrat Regular||||||||&#8221; text_text_color=&#8221;#2D3B73&#8243; text_font_size=&#8221;20px&#8221; global_colors_info=&#8221;{}&#8221;]<\/p>\n<p><span style=\"font-weight: 400;\">La Clinica Novaskin \u00e8 nata da una forte convinzione:<\/span><span style=\"font-weight: 400;\"><br \/><\/span><span style=\"font-weight: 400;\">la bellezza non \u00e8 una questione di caso o di superficialit\u00e0.<\/span><span style=\"font-weight: 400;\"><br \/><\/span><span style=\"font-weight: 400;\">Si basa su una comprensione scientifica della pelle, sulla precisione delle tecnologie e sull&#8217;attenzione ai dettagli.<\/span><\/p>\n<p><span style=\"font-weight: 400;\">Consideriamo ogni trattamento come un protocollo.<\/span><span style=\"font-weight: 400;\"><br \/><\/span><span style=\"font-weight: 400;\">Ogni protocollo come strategia.<\/span><span style=\"font-weight: 400;\"><br \/><\/span><span style=\"font-weight: 400;\">E ogni strategia \u00e8 un capolavoro.<\/span><\/p>\n<p>[\/et_pb_text][\/et_pb_column][\/et_pb_row][\/et_pb_section][et_pb_section fb_built=&#8221;1&#8243; _builder_version=&#8221;4.24.3&#8243; _module_preset=&#8221;232da002-64f6-44be-b2dd-2e4d644c6a7a&#8221; locked=&#8221;off&#8221; global_colors_info=&#8221;{}&#8221;][et_pb_row custom_padding_last_edited=&#8221;on|tablet&#8221; _builder_version=&#8221;4.24.3&#8243; _module_preset=&#8221;0c569138-6956-4aed-a5d6-95dd3514f432&#8243; custom_padding_tablet=&#8221;&#8221; custom_padding_phone=&#8221;&#8221; global_colors_info=&#8221;{}&#8221;][et_pb_column type=&#8221;4_4&#8243; _builder_version=&#8221;4.21.0&#8243; _module_preset=&#8221;default&#8221; global_colors_info=&#8221;{}&#8221;][et_pb_text _builder_version=&#8221;4.27.5&#8243; _module_preset=&#8221;06cac179-5a83-4b9b-9c1a-e751201d660a&#8221; custom_margin=&#8221;||0px||false|false&#8221; global_colors_info=&#8221;{}&#8221;]<\/p>\n<h2>Ricerca, innovazione, standard elevati.<\/h2>\n<p>[\/et_pb_text][et_pb_divider _builder_version=&#8221;4.24.3&#8243; _module_preset=&#8221;2dd9bfaa-c800-45c8-a7e7-863c530a8d33&#8243; global_colors_info=&#8221;{}&#8221;][\/et_pb_divider][\/et_pb_column][\/et_pb_row][et_pb_row _builder_version=&#8221;4.27.5&#8243; _module_preset=&#8221;default&#8221; global_colors_info=&#8221;{}&#8221;][et_pb_column type=&#8221;4_4&#8243; _builder_version=&#8221;4.27.5&#8243; _module_preset=&#8221;default&#8221; global_colors_info=&#8221;{}&#8221;][et_pb_text _builder_version=&#8221;4.27.5&#8243; _module_preset=&#8221;_initial&#8221; text_font=&#8221;Montserrat Regular||||||||&#8221; text_text_color=&#8221;#2D3B73&#8243; text_font_size=&#8221;20px&#8221; global_colors_info=&#8221;{}&#8221;]<\/p>\n<p><span style=\"font-weight: 400;\">Novaskin non si limita a utilizzare le tecnologie esistenti.<\/span><span style=\"font-weight: 400;\"><br \/><\/span><span style=\"font-weight: 400;\">Esploriamo, analizziamo e sviluppiamo costantemente combinazioni terapeutiche innovative.<\/span><\/p>\n<p><span style=\"font-weight: 400;\">Il nostro lavoro si basa sulla ricerca applicata:<\/span><span style=\"font-weight: 400;\"><br \/><\/span><span style=\"font-weight: 400;\">combinando in modo intelligente le tecnologie, ottimizzando le sinergie biologiche e integrando principi attivi di nuova generazione, tra cui gli esosomi, per migliorare la rigenerazione della pelle e la sua qualit\u00e0 complessiva.<\/span><\/p>\n<p><span style=\"font-weight: 400;\">Questo approccio si basa su una rigorosa selezione di dispositivi, protocolli e partner scientifici con cui collaboriamo su licenza.<\/span><\/p>\n<p><span style=\"font-weight: 400;\">Il nostro obiettivo non \u00e8 seguire le tendenze.<\/span><span style=\"font-weight: 400;\"><br \/><\/span><span style=\"font-weight: 400;\">Si tratta di anticipare quello che sar\u00e0 il punto di riferimento domani.<\/span><\/p>\n<p>[\/et_pb_text][\/et_pb_column][\/et_pb_row][\/et_pb_section][et_pb_section fb_built=&#8221;1&#8243; _builder_version=&#8221;4.24.3&#8243; _module_preset=&#8221;232da002-64f6-44be-b2dd-2e4d644c6a7a&#8221; locked=&#8221;off&#8221; global_colors_info=&#8221;{}&#8221;][et_pb_row custom_padding_last_edited=&#8221;on|tablet&#8221; _builder_version=&#8221;4.24.3&#8243; _module_preset=&#8221;0c569138-6956-4aed-a5d6-95dd3514f432&#8243; custom_padding_tablet=&#8221;&#8221; custom_padding_phone=&#8221;&#8221; global_colors_info=&#8221;{}&#8221;][et_pb_column type=&#8221;4_4&#8243; _builder_version=&#8221;4.21.0&#8243; _module_preset=&#8221;default&#8221; global_colors_info=&#8221;{}&#8221;][et_pb_text _builder_version=&#8221;4.27.5&#8243; _module_preset=&#8221;06cac179-5a83-4b9b-9c1a-e751201d660a&#8221; custom_margin=&#8221;||0px||false|false&#8221; global_colors_info=&#8221;{}&#8221;]<\/p>\n<h2>Un team di eccellenza<\/h2>\n<p>[\/et_pb_text][et_pb_divider _builder_version=&#8221;4.24.3&#8243; _module_preset=&#8221;2dd9bfaa-c800-45c8-a7e7-863c530a8d33&#8243; global_colors_info=&#8221;{}&#8221;][\/et_pb_divider][\/et_pb_column][\/et_pb_row][et_pb_row _builder_version=&#8221;4.27.5&#8243; _module_preset=&#8221;default&#8221; global_colors_info=&#8221;{}&#8221;][et_pb_column type=&#8221;4_4&#8243; _builder_version=&#8221;4.27.5&#8243; _module_preset=&#8221;default&#8221; global_colors_info=&#8221;{}&#8221;][et_pb_text _builder_version=&#8221;4.27.5&#8243; _module_preset=&#8221;_initial&#8221; text_font=&#8221;Montserrat Regular||||||||&#8221; text_text_color=&#8221;#2D3B73&#8243; text_font_size=&#8221;20px&#8221; global_colors_info=&#8221;{}&#8221;]<\/p>\n<p><span style=\"font-weight: 400;\">La Clinica Novaskin collabora con i migliori esperti del settore medico-estetico per offrirti una consulenza precisa, coerente e trasparente.<\/span><\/p>\n<p><span style=\"font-weight: 400;\">Lavoriamo in collaborazione con i professionisti della salute, in particolare ginecologi e dermatologi, per garantire che i nostri protocolli facciano parte di un approccio completo e sicuro.<\/span><\/p>\n<p><span style=\"font-weight: 400;\">Perch\u00e9 la pelle non pu\u00f2 essere trattata in modo isolato.<\/span><span style=\"font-weight: 400;\"><br \/><\/span><span style=\"font-weight: 400;\">Fa parte di un equilibrio ormonale, nutrizionale e fisiologico.<\/span><\/p>\n<p>[\/et_pb_text][\/et_pb_column][\/et_pb_row][\/et_pb_section][et_pb_section fb_built=&#8221;1&#8243; _builder_version=&#8221;4.24.3&#8243; _module_preset=&#8221;232da002-64f6-44be-b2dd-2e4d644c6a7a&#8221; locked=&#8221;off&#8221; global_colors_info=&#8221;{}&#8221;][et_pb_row custom_padding_last_edited=&#8221;on|tablet&#8221; _builder_version=&#8221;4.24.3&#8243; _module_preset=&#8221;0c569138-6956-4aed-a5d6-95dd3514f432&#8243; custom_padding_tablet=&#8221;&#8221; custom_padding_phone=&#8221;&#8221; global_colors_info=&#8221;{}&#8221;][et_pb_column type=&#8221;4_4&#8243; _builder_version=&#8221;4.21.0&#8243; _module_preset=&#8221;default&#8221; global_colors_info=&#8221;{}&#8221;][et_pb_text _builder_version=&#8221;4.27.5&#8243; _module_preset=&#8221;06cac179-5a83-4b9b-9c1a-e751201d660a&#8221; custom_margin=&#8221;||0px||false|false&#8221; global_colors_info=&#8221;{}&#8221;]<\/p>\n<h2>Pi\u00f9 di una clinica. Una casa. <\/h2>\n<p>[\/et_pb_text][et_pb_divider _builder_version=&#8221;4.24.3&#8243; _module_preset=&#8221;2dd9bfaa-c800-45c8-a7e7-863c530a8d33&#8243; global_colors_info=&#8221;{}&#8221;][\/et_pb_divider][\/et_pb_column][\/et_pb_row][et_pb_row _builder_version=&#8221;4.27.5&#8243; _module_preset=&#8221;default&#8221; global_colors_info=&#8221;{}&#8221;][et_pb_column type=&#8221;4_4&#8243; _builder_version=&#8221;4.27.5&#8243; _module_preset=&#8221;default&#8221; global_colors_info=&#8221;{}&#8221;][et_pb_text _builder_version=&#8221;4.27.5&#8243; _module_preset=&#8221;_initial&#8221; text_font=&#8221;Montserrat Regular||||||||&#8221; text_text_color=&#8221;#2D3B73&#8243; text_font_size=&#8221;20px&#8221; custom_padding=&#8221;||0px|||&#8221; global_colors_info=&#8221;{}&#8221;]<\/p>\n<p><span style=\"font-weight: 400;\">Novaskin \u00e8 progettato come una casa.<\/span><span style=\"font-weight: 400;\"><br \/><\/span><span style=\"font-weight: 400;\">Uno spazio riservato ed esigente dove ogni persona viene trattata come un individuo.<\/span><\/p>\n<p><span style=\"font-weight: 400;\">Coltiviamo relazioni durature con i nostri pazienti.<\/span><span style=\"font-weight: 400;\"><br \/><\/span><span style=\"font-weight: 400;\">Lo spirito di un club privato a conduzione familiare, dove il supporto va oltre le semplici cure di bellezza.<\/span><\/p>\n<p><span style=\"font-weight: 400;\">Forniamo consulenza sullo stile di vita, lo sport, l&#8217;alimentazione e l&#8217;equilibrio ormonale.<\/span><span style=\"font-weight: 400;\"><br \/><\/span><span style=\"font-weight: 400;\">Costruiamo percorsi di carriera coerenti, personalizzati e progressivi.<\/span><\/p>\n<p><span style=\"font-weight: 400;\">Qui non sei un numero.<\/span><span style=\"font-weight: 400;\"><br \/><\/span><span style=\"font-weight: 400;\">Potrai vivere un&#8217;esperienza su misura in un ambiente professionale, amichevole ed esigente.<\/span><\/p>\n<p>[\/et_pb_text][\/et_pb_column][\/et_pb_row][\/et_pb_section][et_pb_section fb_built=&#8221;1&#8243; _builder_version=&#8221;4.24.3&#8243; _module_preset=&#8221;232da002-64f6-44be-b2dd-2e4d644c6a7a&#8221; locked=&#8221;off&#8221; global_colors_info=&#8221;{}&#8221;][et_pb_row custom_padding_last_edited=&#8221;on|tablet&#8221; _builder_version=&#8221;4.24.3&#8243; _module_preset=&#8221;0c569138-6956-4aed-a5d6-95dd3514f432&#8243; custom_padding_tablet=&#8221;&#8221; custom_padding_phone=&#8221;&#8221; global_colors_info=&#8221;{}&#8221;][et_pb_column type=&#8221;4_4&#8243; _builder_version=&#8221;4.21.0&#8243; _module_preset=&#8221;default&#8221; global_colors_info=&#8221;{}&#8221;][et_pb_text _builder_version=&#8221;4.27.5&#8243; _module_preset=&#8221;06cac179-5a83-4b9b-9c1a-e751201d660a&#8221; custom_margin=&#8221;||0px||false|false&#8221; global_colors_info=&#8221;{}&#8221;]<\/p>\n<h2>Il nostro impegno.<\/h2>\n<p>[\/et_pb_text][et_pb_divider _builder_version=&#8221;4.24.3&#8243; _module_preset=&#8221;2dd9bfaa-c800-45c8-a7e7-863c530a8d33&#8243; global_colors_info=&#8221;{}&#8221;][\/et_pb_divider][\/et_pb_column][\/et_pb_row][et_pb_row _builder_version=&#8221;4.27.5&#8243; _module_preset=&#8221;default&#8221; global_colors_info=&#8221;{}&#8221;][et_pb_column type=&#8221;4_4&#8243; _builder_version=&#8221;4.27.5&#8243; _module_preset=&#8221;default&#8221; global_colors_info=&#8221;{}&#8221;][et_pb_text _builder_version=&#8221;4.27.5&#8243; _module_preset=&#8221;_initial&#8221; text_font=&#8221;Montserrat Regular||||||||&#8221; text_text_color=&#8221;#2D3B73&#8243; text_font_size=&#8221;20px&#8221; global_colors_info=&#8221;{}&#8221;]<\/p>\n<p><span style=\"font-weight: 400;\">Combinare scienza ed estetica.<\/span><span style=\"font-weight: 400;\"><br \/><\/span><span style=\"font-weight: 400;\">Padroneggiare la tecnologia senza mai perdere il tocco umano.<\/span><span style=\"font-weight: 400;\"><br \/><\/span><span style=\"font-weight: 400;\">Crea risultati visibili, naturali e duraturi.<\/span><\/p>\n<p><span style=\"font-weight: 400;\">Clinica Novaskin.<\/span><span style=\"font-weight: 400;\"><br \/><\/span><span style=\"font-weight: 400;\">La bellezza guidata dalla precisione.<\/span><\/p>\n<p>[\/et_pb_text][\/et_pb_column][\/et_pb_row][\/et_pb_section]<\/p>\n","protected":false},"excerpt":{"rendered":"<p>La nostra visioneNous ne suivons pas les tendances.Nous construisons des protocoles. Novaskin est une maison m\u00e9dico-esth\u00e9tique o\u00f9 la technologie rencontre l\u2019exigence, et o\u00f9 chaque transformation repose sur une strat\u00e9gie pr\u00e9cise, personnalis\u00e9e et durable.La scienza della bellezza. L&#8217;arte dei risultati. La Clinica Novaskin \u00e8 nata da una forte convinzione:la bellezza non \u00e8 una questione di caso [&hellip;]<\/p>\n","protected":false},"author":1,"featured_media":0,"parent":0,"menu_order":0,"comment_status":"closed","ping_status":"closed","template":"","meta":{"_et_pb_use_builder":"on","_et_pb_old_content":"","_et_gb_content_width":"","footnotes":""},"class_list":["post-6043","page","type-page","status-publish","hentry"],"yoast_head":"<!-- This site is optimized with the Yoast SEO plugin v27.2 - https:\/\/yoast.com\/product\/yoast-seo-wordpress\/ -->\n<title>La visione Novaskin | Novaskin Clinic<\/title>\n<meta name=\"robots\" content=\"index, follow, max-snippet:-1, max-image-preview:large, max-video-preview:-1\" \/>\n<link rel=\"canonical\" href=\"https:\/\/novaskinclinic.be\/it\/la-visione-novaskin\/\" \/>\n<meta property=\"og:locale\" content=\"it_IT\" \/>\n<meta property=\"og:type\" content=\"article\" \/>\n<meta property=\"og:title\" content=\"La visione Novaskin | Novaskin Clinic\" \/>\n<meta property=\"og:description\" content=\"La nostra visioneNous ne suivons pas les tendances.Nous construisons des protocoles. Novaskin est une maison m\u00e9dico-esth\u00e9tique o\u00f9 la technologie rencontre l\u2019exigence, et o\u00f9 chaque transformation repose sur une strat\u00e9gie pr\u00e9cise, personnalis\u00e9e et durable.La scienza della bellezza. L&#039;arte dei risultati. La Clinica Novaskin \u00e8 nata da una forte convinzione:la bellezza non \u00e8 una questione di caso [&hellip;]\" \/>\n<meta property=\"og:url\" content=\"https:\/\/novaskinclinic.be\/it\/la-visione-novaskin\/\" \/>\n<meta property=\"og:site_name\" content=\"Novaskin Clinic\" \/>\n<meta property=\"article:modified_time\" content=\"2026-02-28T16:41:08+00:00\" \/>\n<meta name=\"twitter:card\" content=\"summary_large_image\" \/>\n<meta name=\"twitter:label1\" content=\"Tempo di lettura stimato\" \/>\n\t<meta name=\"twitter:data1\" content=\"9 minuti\" \/>\n<script type=\"application\/ld+json\" class=\"yoast-schema-graph\">{\"@context\":\"https:\/\/schema.org\",\"@graph\":[{\"@type\":\"WebPage\",\"@id\":\"https:\/\/novaskinclinic.be\/it\/la-visione-novaskin\/\",\"url\":\"https:\/\/novaskinclinic.be\/it\/la-visione-novaskin\/\",\"name\":\"La visione Novaskin | Novaskin Clinic\",\"isPartOf\":{\"@id\":\"https:\/\/novaskinclinic.be\/it\/#website\"},\"datePublished\":\"2026-02-26T14:42:10+00:00\",\"dateModified\":\"2026-02-28T16:41:08+00:00\",\"breadcrumb\":{\"@id\":\"https:\/\/novaskinclinic.be\/it\/la-visione-novaskin\/#breadcrumb\"},\"inLanguage\":\"it-IT\",\"potentialAction\":[{\"@type\":\"ReadAction\",\"target\":[\"https:\/\/novaskinclinic.be\/it\/la-visione-novaskin\/\"]}]},{\"@type\":\"BreadcrumbList\",\"@id\":\"https:\/\/novaskinclinic.be\/it\/la-visione-novaskin\/#breadcrumb\",\"itemListElement\":[{\"@type\":\"ListItem\",\"position\":1,\"name\":\"Home\",\"item\":\"https:\/\/novaskinclinic.be\/it\/casa\/\"},{\"@type\":\"ListItem\",\"position\":2,\"name\":\"La visione Novaskin\"}]},{\"@type\":\"WebSite\",\"@id\":\"https:\/\/novaskinclinic.be\/it\/#website\",\"url\":\"https:\/\/novaskinclinic.be\/it\/\",\"name\":\"Novaskin Clinic\",\"description\":\"Sp\u00e9cialiste en \u00e9pilation laser au coeur du quartier Europ\u00e9en de Bruxelles.\",\"publisher\":{\"@id\":\"https:\/\/novaskinclinic.be\/it\/#organization\"},\"potentialAction\":[{\"@type\":\"SearchAction\",\"target\":{\"@type\":\"EntryPoint\",\"urlTemplate\":\"https:\/\/novaskinclinic.be\/it\/?s={search_term_string}\"},\"query-input\":{\"@type\":\"PropertyValueSpecification\",\"valueRequired\":true,\"valueName\":\"search_term_string\"}}],\"inLanguage\":\"it-IT\"},{\"@type\":\"Organization\",\"@id\":\"https:\/\/novaskinclinic.be\/it\/#organization\",\"name\":\"Novaskin\",\"url\":\"https:\/\/novaskinclinic.be\/it\/\",\"logo\":{\"@type\":\"ImageObject\",\"inLanguage\":\"it-IT\",\"@id\":\"https:\/\/novaskinclinic.be\/it\/#\/schema\/logo\/image\/\",\"url\":\"https:\/\/novaskinclinic.be\/wp-content\/uploads\/2023\/08\/Logo-NOVASKIN-CLINIC.png\",\"contentUrl\":\"https:\/\/novaskinclinic.be\/wp-content\/uploads\/2023\/08\/Logo-NOVASKIN-CLINIC.png\",\"width\":2214,\"height\":1375,\"caption\":\"Novaskin\"},\"image\":{\"@id\":\"https:\/\/novaskinclinic.be\/it\/#\/schema\/logo\/image\/\"}}]}<\/script>\n<!-- \/ Yoast SEO plugin. -->","yoast_head_json":{"title":"La visione Novaskin | Novaskin Clinic","robots":{"index":"index","follow":"follow","max-snippet":"max-snippet:-1","max-image-preview":"max-image-preview:large","max-video-preview":"max-video-preview:-1"},"canonical":"https:\/\/novaskinclinic.be\/it\/la-visione-novaskin\/","og_locale":"it_IT","og_type":"article","og_title":"La visione Novaskin | Novaskin Clinic","og_description":"La nostra visioneNous ne suivons pas les tendances.Nous construisons des protocoles. Novaskin est une maison m\u00e9dico-esth\u00e9tique o\u00f9 la technologie rencontre l\u2019exigence, et o\u00f9 chaque transformation repose sur une strat\u00e9gie pr\u00e9cise, personnalis\u00e9e et durable.La scienza della bellezza. L'arte dei risultati. La Clinica Novaskin \u00e8 nata da una forte convinzione:la bellezza non \u00e8 una questione di caso [&hellip;]","og_url":"https:\/\/novaskinclinic.be\/it\/la-visione-novaskin\/","og_site_name":"Novaskin Clinic","article_modified_time":"2026-02-28T16:41:08+00:00","twitter_card":"summary_large_image","twitter_misc":{"Tempo di lettura stimato":"9 minuti"},"schema":{"@context":"https:\/\/schema.org","@graph":[{"@type":"WebPage","@id":"https:\/\/novaskinclinic.be\/it\/la-visione-novaskin\/","url":"https:\/\/novaskinclinic.be\/it\/la-visione-novaskin\/","name":"La visione Novaskin | Novaskin Clinic","isPartOf":{"@id":"https:\/\/novaskinclinic.be\/it\/#website"},"datePublished":"2026-02-26T14:42:10+00:00","dateModified":"2026-02-28T16:41:08+00:00","breadcrumb":{"@id":"https:\/\/novaskinclinic.be\/it\/la-visione-novaskin\/#breadcrumb"},"inLanguage":"it-IT","potentialAction":[{"@type":"ReadAction","target":["https:\/\/novaskinclinic.be\/it\/la-visione-novaskin\/"]}]},{"@type":"BreadcrumbList","@id":"https:\/\/novaskinclinic.be\/it\/la-visione-novaskin\/#breadcrumb","itemListElement":[{"@type":"ListItem","position":1,"name":"Home","item":"https:\/\/novaskinclinic.be\/it\/casa\/"},{"@type":"ListItem","position":2,"name":"La visione Novaskin"}]},{"@type":"WebSite","@id":"https:\/\/novaskinclinic.be\/it\/#website","url":"https:\/\/novaskinclinic.be\/it\/","name":"Novaskin Clinic","description":"Sp\u00e9cialiste en \u00e9pilation laser au coeur du quartier Europ\u00e9en de Bruxelles.","publisher":{"@id":"https:\/\/novaskinclinic.be\/it\/#organization"},"potentialAction":[{"@type":"SearchAction","target":{"@type":"EntryPoint","urlTemplate":"https:\/\/novaskinclinic.be\/it\/?s={search_term_string}"},"query-input":{"@type":"PropertyValueSpecification","valueRequired":true,"valueName":"search_term_string"}}],"inLanguage":"it-IT"},{"@type":"Organization","@id":"https:\/\/novaskinclinic.be\/it\/#organization","name":"Novaskin","url":"https:\/\/novaskinclinic.be\/it\/","logo":{"@type":"ImageObject","inLanguage":"it-IT","@id":"https:\/\/novaskinclinic.be\/it\/#\/schema\/logo\/image\/","url":"https:\/\/novaskinclinic.be\/wp-content\/uploads\/2023\/08\/Logo-NOVASKIN-CLINIC.png","contentUrl":"https:\/\/novaskinclinic.be\/wp-content\/uploads\/2023\/08\/Logo-NOVASKIN-CLINIC.png","width":2214,"height":1375,"caption":"Novaskin"},"image":{"@id":"https:\/\/novaskinclinic.be\/it\/#\/schema\/logo\/image\/"}}]}},"_links":{"self":[{"href":"https:\/\/novaskinclinic.be\/it\/wp-json\/wp\/v2\/pages\/6043","targetHints":{"allow":["GET"]}}],"collection":[{"href":"https:\/\/novaskinclinic.be\/it\/wp-json\/wp\/v2\/pages"}],"about":[{"href":"https:\/\/novaskinclinic.be\/it\/wp-json\/wp\/v2\/types\/page"}],"author":[{"embeddable":true,"href":"https:\/\/novaskinclinic.be\/it\/wp-json\/wp\/v2\/users\/1"}],"replies":[{"embeddable":true,"href":"https:\/\/novaskinclinic.be\/it\/wp-json\/wp\/v2\/comments?post=6043"}],"version-history":[{"count":9,"href":"https:\/\/novaskinclinic.be\/it\/wp-json\/wp\/v2\/pages\/6043\/revisions"}],"predecessor-version":[{"id":6550,"href":"https:\/\/novaskinclinic.be\/it\/wp-json\/wp\/v2\/pages\/6043\/revisions\/6550"}],"wp:attachment":[{"href":"https:\/\/novaskinclinic.be\/it\/wp-json\/wp\/v2\/media?parent=6043"}],"curies":[{"name":"wp","href":"https:\/\/api.w.org\/{rel}","templated":true}]}}